{"id":779,"date":"2026-02-10T12:01:44","date_gmt":"2026-02-10T11:01:44","guid":{"rendered":"https:\/\/papeterie-perjac.com\/?page_id=779"},"modified":"2026-03-17T17:15:29","modified_gmt":"2026-03-17T16:15:29","slug":"paper-republic","status":"publish","type":"page","link":"https:\/\/papeterie-perjac.com\/index.php\/paper-republic\/","title":{"rendered":"Paper Republic"},"content":{"rendered":"\t\t<div data-elementor-type=\"wp-page\" data-elementor-id=\"779\" class=\"elementor elementor-779\">\n\t\t\t\t\t\t<section class=\"elementor-section elementor-top-section elementor-element elementor-element-4d636fc elementor-section-boxed elementor-section-height-default elementor-section-height-default\" data-id=\"4d636fc\" data-element_type=\"section\" data-e-type=\"section\">\n\t\t\t\t\t\t<div class=\"elementor-container elementor-column-gap-default\">\n\t\t\t\t\t<div class=\"elementor-column elementor-col-100 elementor-top-column elementor-element elementor-element-87c065d\" data-id=\"87c065d\" data-element_type=\"column\" data-e-type=\"column\">\n\t\t\t<div class=\"elementor-widget-wrap elementor-element-populated\">\n\t\t\t\t\t\t<div class=\"elementor-element elementor-element-57cfd97 elementor-widget elementor-widget-heading\" data-id=\"57cfd97\" data-element_type=\"widget\" data-e-type=\"widget\" data-widget_type=\"heading.default\">\n\t\t\t\t<div class=\"elementor-widget-container\">\n\t\t\t\t\t<h5 class=\"elementor-heading-title elementor-size-default\">Ambassadeur Paper Republic<\/h5>\t\t\t\t<\/div>\n\t\t\t\t<\/div>\n\t\t\t\t\t<\/div>\n\t\t<\/div>\n\t\t\t\t\t<\/div>\n\t\t<\/section>\n\t\t\t\t<section class=\"elementor-section elementor-top-section elementor-element elementor-element-73ea0e5 elementor-section-boxed elementor-section-height-default elementor-section-height-default\" data-id=\"73ea0e5\" data-element_type=\"section\" data-e-type=\"section\">\n\t\t\t\t\t\t<div class=\"elementor-container elementor-column-gap-default\">\n\t\t\t\t\t<div class=\"elementor-column elementor-col-100 elementor-top-column elementor-element elementor-element-69a7993\" data-id=\"69a7993\" data-element_type=\"column\" data-e-type=\"column\" data-settings=\"{&quot;background_background&quot;:&quot;slideshow&quot;,&quot;background_slideshow_gallery&quot;:[],&quot;background_slideshow_loop&quot;:&quot;yes&quot;,&quot;background_slideshow_slide_duration&quot;:5000,&quot;background_slideshow_slide_transition&quot;:&quot;fade&quot;,&quot;background_slideshow_transition_duration&quot;:500}\">\n\t\t\t<div class=\"elementor-widget-wrap elementor-element-populated\">\n\t\t\t\t\t\t<div class=\"elementor-element elementor-element-fe625e6 elementor-widget-divider--separator-type-pattern elementor-widget-divider--view-line elementor-widget elementor-widget-divider\" data-id=\"fe625e6\" data-element_type=\"widget\" data-e-type=\"widget\" data-widget_type=\"divider.default\">\n\t\t\t\t<div class=\"elementor-widget-container\">\n\t\t\t\t\t\t\t<div class=\"elementor-divider\" style=\"--divider-pattern-url: url(&quot;data:image\/svg+xml,%3Csvg xmlns=&#039;http:\/\/www.w3.org\/2000\/svg&#039; preserveAspectRatio=&#039;none&#039; overflow=&#039;visible&#039; height=&#039;100%&#039; viewBox=&#039;0 0 24 24&#039; fill=&#039;none&#039; stroke=&#039;black&#039; stroke-width=&#039;1&#039; stroke-linecap=&#039;square&#039; stroke-miterlimit=&#039;10&#039;%3E%3Cpath d=&#039;M0,6c6,0,6,13,12,13S18,6,24,6&#039;\/%3E%3C\/svg%3E&quot;);\">\n\t\t\t<span class=\"elementor-divider-separator\">\n\t\t\t\t\t\t<\/span>\n\t\t<\/div>\n\t\t\t\t\t\t<\/div>\n\t\t\t\t<\/div>\n\t\t\t\t\t<\/div>\n\t\t<\/div>\n\t\t\t\t\t<\/div>\n\t\t<\/section>\n\t\t\t\t<section class=\"elementor-section elementor-top-section elementor-element elementor-element-1b35b67 elementor-section-boxed elementor-section-height-default elementor-section-height-default\" data-id=\"1b35b67\" data-element_type=\"section\" data-e-type=\"section\">\n\t\t\t\t\t\t<div class=\"elementor-container elementor-column-gap-default\">\n\t\t\t\t\t<div class=\"elementor-column elementor-col-50 elementor-top-column elementor-element elementor-element-d790e98\" data-id=\"d790e98\" data-element_type=\"column\" data-e-type=\"column\">\n\t\t\t<div class=\"elementor-widget-wrap elementor-element-populated\">\n\t\t\t\t\t\t<div class=\"elementor-element elementor-element-ae2a120 elementor-widget elementor-widget-image\" data-id=\"ae2a120\" data-element_type=\"widget\" data-e-type=\"widget\" data-widget_type=\"image.default\">\n\t\t\t\t<div class=\"elementor-widget-container\">\n\t\t\t\t\t\t\t\t\t\t\t\t\t\t\t<img fetchpriority=\"high\" decoding=\"async\" width=\"768\" height=\"960\" src=\"https:\/\/papeterie-perjac.com\/wp-content\/uploads\/2026\/02\/250227_INSTA_POP_UP_PAPER_X_PERJAC-05-768x960.jpeg\" class=\"attachment-medium_large size-medium_large wp-image-780\" alt=\"\" srcset=\"https:\/\/papeterie-perjac.com\/wp-content\/uploads\/2026\/02\/250227_INSTA_POP_UP_PAPER_X_PERJAC-05-768x960.jpeg 768w, https:\/\/papeterie-perjac.com\/wp-content\/uploads\/2026\/02\/250227_INSTA_POP_UP_PAPER_X_PERJAC-05-240x300.jpeg 240w, https:\/\/papeterie-perjac.com\/wp-content\/uploads\/2026\/02\/250227_INSTA_POP_UP_PAPER_X_PERJAC-05-819x1024.jpeg 819w, https:\/\/papeterie-perjac.com\/wp-content\/uploads\/2026\/02\/250227_INSTA_POP_UP_PAPER_X_PERJAC-05-1229x1536.jpeg 1229w, https:\/\/papeterie-perjac.com\/wp-content\/uploads\/2026\/02\/250227_INSTA_POP_UP_PAPER_X_PERJAC-05-1638x2048.jpeg 1638w, https:\/\/papeterie-perjac.com\/wp-content\/uploads\/2026\/02\/250227_INSTA_POP_UP_PAPER_X_PERJAC-05-48x60.jpeg 48w, https:\/\/papeterie-perjac.com\/wp-content\/uploads\/2026\/02\/250227_INSTA_POP_UP_PAPER_X_PERJAC-05-scaled.jpeg 2048w\" sizes=\"(max-width: 768px) 100vw, 768px\" \/>\t\t\t\t\t\t\t\t\t\t\t\t\t\t\t<\/div>\n\t\t\t\t<\/div>\n\t\t\t\t\t<\/div>\n\t\t<\/div>\n\t\t\t\t<div class=\"elementor-column elementor-col-50 elementor-top-column elementor-element elementor-element-a1a5683\" data-id=\"a1a5683\" data-element_type=\"column\" data-e-type=\"column\">\n\t\t\t<div class=\"elementor-widget-wrap elementor-element-populated\">\n\t\t\t\t\t\t<div class=\"elementor-element elementor-element-8b3a31a elementor-widget__width-initial elementor-widget elementor-widget-text-editor\" data-id=\"8b3a31a\" data-element_type=\"widget\" data-e-type=\"widget\" data-widget_type=\"text-editor.default\">\n\t\t\t\t<div class=\"elementor-widget-container\">\n\t\t\t\t\t\t\t\t\t<p><span style=\"font-family: var( --e-global-typography-text-font-family ), Sans-serif; -webkit-text-size-adjust: 100%;\">\u00a0<\/span><\/p><p><span style=\"font-family: var( --e-global-typography-text-font-family ), Sans-serif; -webkit-text-size-adjust: 100%;\"><strong>Ambassadeur Paper Republic, la Papeterie Perjac<\/strong> accueille \u00e0 Paris l\u2019univers \u00e9l\u00e9gant et intemporel de la marque venue de Vienne.<\/span><\/p><p>Retrouvez toute la gamme Paper Republic en magasin : carnets en cuir, recharges, accessoires\u2026 Des pi\u00e8ces con\u00e7ues pour durer et se patiner avec le temps, pens\u00e9es pour accompagner vos id\u00e9es au quotidien.<\/p><p>Prenez le temps de choisir, de composer votre carnet de A \u00e0 Z et de cr\u00e9er un objet qui vous ressemble. Et pour le rendre encore plus unique, nous vous proposons \u00e9galement la gravure personnalis\u00e9e.<\/p><p><em>Un moment simple, cr\u00e9atif et inspirant \u2014 \u00e0 vivre en boutique.\u00a0<\/em><\/p>\t\t\t\t\t\t\t\t<\/div>\n\t\t\t\t<\/div>\n\t\t\t\t\t<\/div>\n\t\t<\/div>\n\t\t\t\t\t<\/div>\n\t\t<\/section>\n\t\t\t\t<section class=\"elementor-section elementor-top-section elementor-element elementor-element-720405c elementor-section-boxed elementor-section-height-default elementor-section-height-default\" data-id=\"720405c\" data-element_type=\"section\" data-e-type=\"section\">\n\t\t\t\t\t\t<div class=\"elementor-container elementor-column-gap-default\">\n\t\t\t\t\t<div class=\"elementor-column elementor-col-100 elementor-top-column elementor-element elementor-element-80be77b\" data-id=\"80be77b\" data-element_type=\"column\" data-e-type=\"column\">\n\t\t\t<div class=\"elementor-widget-wrap elementor-element-populated\">\n\t\t\t\t\t\t<div class=\"elementor-element elementor-element-a44be8b elementor-widget elementor-widget-image\" data-id=\"a44be8b\" data-element_type=\"widget\" data-e-type=\"widget\" data-widget_type=\"image.default\">\n\t\t\t\t<div class=\"elementor-widget-container\">\n\t\t\t\t\t\t\t\t\t\t\t\t\t\t\t<img decoding=\"async\" width=\"1024\" height=\"819\" src=\"https:\/\/papeterie-perjac.com\/wp-content\/uploads\/2026\/02\/Green-Grey-Pastel-Tender-Aesthetic-Minimalist-Inspiration-Sea-Photo-Collage-1024x819.png\" class=\"attachment-large size-large wp-image-781\" alt=\"\" srcset=\"https:\/\/papeterie-perjac.com\/wp-content\/uploads\/2026\/02\/Green-Grey-Pastel-Tender-Aesthetic-Minimalist-Inspiration-Sea-Photo-Collage-1024x819.png 1024w, https:\/\/papeterie-perjac.com\/wp-content\/uploads\/2026\/02\/Green-Grey-Pastel-Tender-Aesthetic-Minimalist-Inspiration-Sea-Photo-Collage-300x240.png 300w, https:\/\/papeterie-perjac.com\/wp-content\/uploads\/2026\/02\/Green-Grey-Pastel-Tender-Aesthetic-Minimalist-Inspiration-Sea-Photo-Collage-768x614.png 768w, https:\/\/papeterie-perjac.com\/wp-content\/uploads\/2026\/02\/Green-Grey-Pastel-Tender-Aesthetic-Minimalist-Inspiration-Sea-Photo-Collage-1536x1229.png 1536w, https:\/\/papeterie-perjac.com\/wp-content\/uploads\/2026\/02\/Green-Grey-Pastel-Tender-Aesthetic-Minimalist-Inspiration-Sea-Photo-Collage-75x60.png 75w, https:\/\/papeterie-perjac.com\/wp-content\/uploads\/2026\/02\/Green-Grey-Pastel-Tender-Aesthetic-Minimalist-Inspiration-Sea-Photo-Collage.png 2000w\" sizes=\"(max-width: 1024px) 100vw, 1024px\" \/>\t\t\t\t\t\t\t\t\t\t\t\t\t\t\t<\/div>\n\t\t\t\t<\/div>\n\t\t\t\t\t<\/div>\n\t\t<\/div>\n\t\t\t\t\t<\/div>\n\t\t<\/section>\n\t\t\t\t<\/div>\n\t\t","protected":false},"excerpt":{"rendered":"<p>Ambassadeur Paper Republic \u00a0 Ambassadeur Paper Republic, la Papeterie Perjac accueille \u00e0 Paris l\u2019univers \u00e9l\u00e9gant et intemporel de la marque venue de Vienne. Retrouvez toute la gamme Paper Republic en magasin : carnets en cuir, recharges, accessoires\u2026 Des pi\u00e8ces con\u00e7ues pour durer et se patiner avec le temps, pens\u00e9es pour accompagner vos id\u00e9es au quotidien. &hellip; <\/p>\n","protected":false},"author":1,"featured_media":0,"parent":0,"menu_order":0,"comment_status":"closed","ping_status":"closed","template":"","meta":{"footnotes":""},"class_list":["post-779","page","type-page","status-publish","hentry"],"_links":{"self":[{"href":"https:\/\/papeterie-perjac.com\/index.php\/wp-json\/wp\/v2\/pages\/779","targetHints":{"allow":["GET"]}}],"collection":[{"href":"https:\/\/papeterie-perjac.com\/index.php\/wp-json\/wp\/v2\/pages"}],"about":[{"href":"https:\/\/papeterie-perjac.com\/index.php\/wp-json\/wp\/v2\/types\/page"}],"author":[{"embeddable":true,"href":"https:\/\/papeterie-perjac.com\/index.php\/wp-json\/wp\/v2\/users\/1"}],"replies":[{"embeddable":true,"href":"https:\/\/papeterie-perjac.com\/index.php\/wp-json\/wp\/v2\/comments?post=779"}],"version-history":[{"count":33,"href":"https:\/\/papeterie-perjac.com\/index.php\/wp-json\/wp\/v2\/pages\/779\/revisions"}],"predecessor-version":[{"id":1022,"href":"https:\/\/papeterie-perjac.com\/index.php\/wp-json\/wp\/v2\/pages\/779\/revisions\/1022"}],"wp:attachment":[{"href":"https:\/\/papeterie-perjac.com\/index.php\/wp-json\/wp\/v2\/media?parent=779"}],"curies":[{"name":"wp","href":"https:\/\/api.w.org\/{rel}","templated":true}]}}