{"id":762,"date":"2026-02-13T16:24:01","date_gmt":"2026-02-13T15:24:01","guid":{"rendered":"https:\/\/papeterie-perjac.com\/?page_id=762"},"modified":"2026-03-17T17:14:35","modified_gmt":"2026-03-17T16:14:35","slug":"les-beaux-arts","status":"publish","type":"page","link":"https:\/\/papeterie-perjac.com\/index.php\/les-beaux-arts\/","title":{"rendered":"Les beaux-arts"},"content":{"rendered":"\t\t<div data-elementor-type=\"wp-page\" data-elementor-id=\"762\" class=\"elementor elementor-762\">\n\t\t\t\t\t\t<section class=\"elementor-section elementor-top-section elementor-element elementor-element-7e5700c elementor-section-boxed elementor-section-height-default elementor-section-height-default\" data-id=\"7e5700c\" data-element_type=\"section\" data-e-type=\"section\">\n\t\t\t\t\t\t<div class=\"elementor-container elementor-column-gap-default\">\n\t\t\t\t\t<div class=\"elementor-column elementor-col-100 elementor-top-column elementor-element elementor-element-894dae0\" data-id=\"894dae0\" data-element_type=\"column\" data-e-type=\"column\">\n\t\t\t<div class=\"elementor-widget-wrap elementor-element-populated\">\n\t\t\t\t\t\t<div class=\"elementor-element elementor-element-1f2a433 elementor-widget elementor-widget-heading\" data-id=\"1f2a433\" data-element_type=\"widget\" data-e-type=\"widget\" data-widget_type=\"heading.default\">\n\t\t\t\t<div class=\"elementor-widget-container\">\n\t\t\t\t\t<h5 class=\"elementor-heading-title elementor-size-default\">L\u2019art commence avec les bons outils ! <\/h5>\t\t\t\t<\/div>\n\t\t\t\t<\/div>\n\t\t\t\t\t<\/div>\n\t\t<\/div>\n\t\t\t\t\t<\/div>\n\t\t<\/section>\n\t\t\t\t<section class=\"elementor-section elementor-top-section elementor-element elementor-element-2937f26 elementor-section-boxed elementor-section-height-default elementor-section-height-default\" data-id=\"2937f26\" data-element_type=\"section\" data-e-type=\"section\">\n\t\t\t\t\t\t<div class=\"elementor-container elementor-column-gap-default\">\n\t\t\t\t\t<div class=\"elementor-column elementor-col-100 elementor-top-column elementor-element elementor-element-d954dbd\" data-id=\"d954dbd\" data-element_type=\"column\" data-e-type=\"column\">\n\t\t\t<div class=\"elementor-widget-wrap elementor-element-populated\">\n\t\t\t\t\t\t<div class=\"elementor-element elementor-element-176c57f elementor-widget-divider--separator-type-pattern elementor-widget-divider--view-line elementor-widget elementor-widget-divider\" data-id=\"176c57f\" data-element_type=\"widget\" data-e-type=\"widget\" data-widget_type=\"divider.default\">\n\t\t\t\t<div class=\"elementor-widget-container\">\n\t\t\t\t\t\t\t<div class=\"elementor-divider\" style=\"--divider-pattern-url: url(&quot;data:image\/svg+xml,%3Csvg xmlns=&#039;http:\/\/www.w3.org\/2000\/svg&#039; preserveAspectRatio=&#039;none&#039; overflow=&#039;visible&#039; height=&#039;100%&#039; viewBox=&#039;0 0 24 24&#039; fill=&#039;none&#039; stroke=&#039;black&#039; stroke-width=&#039;1&#039; stroke-linecap=&#039;square&#039; stroke-miterlimit=&#039;10&#039;%3E%3Cpath d=&#039;M0,6c6,0,6,13,12,13S18,6,24,6&#039;\/%3E%3C\/svg%3E&quot;);\">\n\t\t\t<span class=\"elementor-divider-separator\">\n\t\t\t\t\t\t<\/span>\n\t\t<\/div>\n\t\t\t\t\t\t<\/div>\n\t\t\t\t<\/div>\n\t\t\t\t\t<\/div>\n\t\t<\/div>\n\t\t\t\t\t<\/div>\n\t\t<\/section>\n\t\t\t\t<section class=\"elementor-section elementor-top-section elementor-element elementor-element-5de0101 elementor-section-boxed elementor-section-height-default elementor-section-height-default\" data-id=\"5de0101\" data-element_type=\"section\" data-e-type=\"section\">\n\t\t\t\t\t\t<div class=\"elementor-container elementor-column-gap-default\">\n\t\t\t\t\t<div class=\"elementor-column elementor-col-100 elementor-top-column elementor-element elementor-element-26a6d7e\" data-id=\"26a6d7e\" data-element_type=\"column\" data-e-type=\"column\">\n\t\t\t<div class=\"elementor-widget-wrap elementor-element-populated\">\n\t\t\t\t\t\t<div class=\"elementor-element elementor-element-6475ed5 elementor-widget elementor-widget-text-editor\" data-id=\"6475ed5\" data-element_type=\"widget\" data-e-type=\"widget\" data-widget_type=\"text-editor.default\">\n\t\t\t\t<div class=\"elementor-widget-container\">\n\t\t\t\t\t\t\t\t\t<p>Que vous <strong>soyez artiste<\/strong> <strong>confirm\u00e9<\/strong>, <strong>\u00e9tudiant en art <\/strong>ou<strong> simplement passionn\u00e9<\/strong> de dessin et de peinture, nous avons \u00e0 c\u0153ur de vous proposer un choix vari\u00e9 de mat\u00e9riel Beaux-Arts pour laisser libre cours \u00e0 votre cr\u00e9ativit\u00e9.<\/p><p>\u00a0<\/p><p><strong>Crayons<\/strong>, <strong>papiers<\/strong>, <strong>aquarelles<\/strong>, couleurs intenses ou <strong>supports<\/strong> <strong>d\u2019exception<\/strong> : nous s\u00e9lectionnons des produits que nous aimons et que nous utilisons nous-m\u00eames. Vous retrouverez des marques reconnues pour leur qualit\u00e9 comme :<\/p><p>\u00a0<\/p><ul><li><strong><em>Faber-Castell<\/em><\/strong><\/li><li><strong><em>Clairefontaine<\/em><\/strong><\/li><li><strong><em>Caran d\u2019Ache<\/em><\/strong><\/li><li><strong><em>Hahnem\u00fchle \u00a0<\/em><\/strong><\/li><li><strong><em>Schmincke<\/em><\/strong><\/li><li><strong><em>Posca<\/em><\/strong><\/li><li><strong><em>Uni-Ball<\/em><\/strong><\/li><\/ul><p>V\u00e9ritables r\u00e9f\u00e9rences pour cr\u00e9er dans les meilleures conditions.<\/p><p>\u00a0<\/p><p><em><strong>Besoin d\u2019un conseil sur un papier, un m\u00e9dium ou une technique ? <\/strong><\/em><em><strong>Nous prenons le temps d\u2019\u00e9changer avec vous. Parce qu\u2019au-del\u00e0 des fournitures, ce que nous aimons, c\u2019est accompagner chaque projet, chaque envie, chaque trait.<\/strong><\/em><\/p>\t\t\t\t\t\t\t\t<\/div>\n\t\t\t\t<\/div>\n\t\t\t\t\t<\/div>\n\t\t<\/div>\n\t\t\t\t\t<\/div>\n\t\t<\/section>\n\t\t\t\t<section class=\"elementor-section elementor-top-section elementor-element elementor-element-eebf73a elementor-section-boxed elementor-section-height-default elementor-section-height-default\" data-id=\"eebf73a\" data-element_type=\"section\" data-e-type=\"section\">\n\t\t\t\t\t\t<div class=\"elementor-container elementor-column-gap-default\">\n\t\t\t\t\t<div class=\"elementor-column elementor-col-100 elementor-top-column elementor-element elementor-element-e877e8e\" data-id=\"e877e8e\" data-element_type=\"column\" data-e-type=\"column\">\n\t\t\t<div class=\"elementor-widget-wrap elementor-element-populated\">\n\t\t\t\t\t\t<div class=\"elementor-element elementor-element-c335969 elementor-widget elementor-widget-image\" data-id=\"c335969\" data-element_type=\"widget\" data-e-type=\"widget\" data-widget_type=\"image.default\">\n\t\t\t\t<div class=\"elementor-widget-container\">\n\t\t\t\t\t\t\t\t\t\t\t\t\t\t\t<img fetchpriority=\"high\" decoding=\"async\" width=\"1024\" height=\"727\" src=\"https:\/\/papeterie-perjac.com\/wp-content\/uploads\/2026\/02\/Montage-photo-Simple-Photo-de-vacances-en-famille-au-format-carte-postale-Blanc-1024x727.png\" class=\"attachment-large size-large wp-image-778\" alt=\"\" srcset=\"https:\/\/papeterie-perjac.com\/wp-content\/uploads\/2026\/02\/Montage-photo-Simple-Photo-de-vacances-en-famille-au-format-carte-postale-Blanc-1024x727.png 1024w, https:\/\/papeterie-perjac.com\/wp-content\/uploads\/2026\/02\/Montage-photo-Simple-Photo-de-vacances-en-famille-au-format-carte-postale-Blanc-300x213.png 300w, https:\/\/papeterie-perjac.com\/wp-content\/uploads\/2026\/02\/Montage-photo-Simple-Photo-de-vacances-en-famille-au-format-carte-postale-Blanc-768x545.png 768w, https:\/\/papeterie-perjac.com\/wp-content\/uploads\/2026\/02\/Montage-photo-Simple-Photo-de-vacances-en-famille-au-format-carte-postale-Blanc-1536x1090.png 1536w, https:\/\/papeterie-perjac.com\/wp-content\/uploads\/2026\/02\/Montage-photo-Simple-Photo-de-vacances-en-famille-au-format-carte-postale-Blanc-85x60.png 85w, https:\/\/papeterie-perjac.com\/wp-content\/uploads\/2026\/02\/Montage-photo-Simple-Photo-de-vacances-en-famille-au-format-carte-postale-Blanc.png 1748w\" sizes=\"(max-width: 1024px) 100vw, 1024px\" \/>\t\t\t\t\t\t\t\t\t\t\t\t\t\t\t<\/div>\n\t\t\t\t<\/div>\n\t\t\t\t\t<\/div>\n\t\t<\/div>\n\t\t\t\t\t<\/div>\n\t\t<\/section>\n\t\t\t\t<\/div>\n\t\t","protected":false},"excerpt":{"rendered":"<p>L\u2019art commence avec les bons outils ! Que vous soyez artiste confirm\u00e9, \u00e9tudiant en art ou simplement passionn\u00e9 de dessin et de peinture, nous avons \u00e0 c\u0153ur de vous proposer un choix vari\u00e9 de mat\u00e9riel Beaux-Arts pour laisser libre cours \u00e0 votre cr\u00e9ativit\u00e9. \u00a0 Crayons, papiers, aquarelles, couleurs intenses ou supports d\u2019exception : nous s\u00e9lectionnons &hellip; <\/p>\n","protected":false},"author":1,"featured_media":0,"parent":0,"menu_order":0,"comment_status":"closed","ping_status":"closed","template":"","meta":{"footnotes":""},"class_list":["post-762","page","type-page","status-publish","hentry"],"_links":{"self":[{"href":"https:\/\/papeterie-perjac.com\/index.php\/wp-json\/wp\/v2\/pages\/762","targetHints":{"allow":["GET"]}}],"collection":[{"href":"https:\/\/papeterie-perjac.com\/index.php\/wp-json\/wp\/v2\/pages"}],"about":[{"href":"https:\/\/papeterie-perjac.com\/index.php\/wp-json\/wp\/v2\/types\/page"}],"author":[{"embeddable":true,"href":"https:\/\/papeterie-perjac.com\/index.php\/wp-json\/wp\/v2\/users\/1"}],"replies":[{"embeddable":true,"href":"https:\/\/papeterie-perjac.com\/index.php\/wp-json\/wp\/v2\/comments?post=762"}],"version-history":[{"count":17,"href":"https:\/\/papeterie-perjac.com\/index.php\/wp-json\/wp\/v2\/pages\/762\/revisions"}],"predecessor-version":[{"id":1016,"href":"https:\/\/papeterie-perjac.com\/index.php\/wp-json\/wp\/v2\/pages\/762\/revisions\/1016"}],"wp:attachment":[{"href":"https:\/\/papeterie-perjac.com\/index.php\/wp-json\/wp\/v2\/media?parent=762"}],"curies":[{"name":"wp","href":"https:\/\/api.w.org\/{rel}","templated":true}]}}