{"id":249,"date":"2021-03-29T17:21:00","date_gmt":"2021-03-29T15:21:00","guid":{"rendered":"http:\/\/papeterie-perjac.com\/?page_id=249"},"modified":"2026-02-06T10:28:35","modified_gmt":"2026-02-06T09:28:35","slug":"contact","status":"publish","type":"page","link":"https:\/\/papeterie-perjac.com\/index.php\/contact\/","title":{"rendered":"Contact"},"content":{"rendered":"\t\t<div data-elementor-type=\"wp-page\" data-elementor-id=\"249\" class=\"elementor elementor-249\">\n\t\t\t\t\t\t<section class=\"elementor-section elementor-top-section elementor-element elementor-element-6dbc4d5 elementor-section-boxed elementor-section-height-default elementor-section-height-default\" data-id=\"6dbc4d5\" data-element_type=\"section\" data-e-type=\"section\">\n\t\t\t\t\t\t<div class=\"elementor-container elementor-column-gap-default\">\n\t\t\t\t\t<div class=\"elementor-column elementor-col-50 elementor-top-column elementor-element elementor-element-c021029\" data-id=\"c021029\" data-element_type=\"column\" data-e-type=\"column\">\n\t\t\t<div class=\"elementor-widget-wrap elementor-element-populated\">\n\t\t\t\t\t\t<div class=\"elementor-element elementor-element-f232a3f elementor-widget elementor-widget-image\" data-id=\"f232a3f\" data-element_type=\"widget\" data-e-type=\"widget\" data-widget_type=\"image.default\">\n\t\t\t\t<div class=\"elementor-widget-container\">\n\t\t\t\t\t\t\t\t\t\t\t\t\t\t\t<img fetchpriority=\"high\" decoding=\"async\" width=\"1707\" height=\"2560\" src=\"https:\/\/papeterie-perjac.com\/wp-content\/uploads\/2026\/02\/IMG_1231-scaled.jpeg\" class=\"attachment-full size-full wp-image-695\" alt=\"\" srcset=\"https:\/\/papeterie-perjac.com\/wp-content\/uploads\/2026\/02\/IMG_1231-scaled.jpeg 1707w, https:\/\/papeterie-perjac.com\/wp-content\/uploads\/2026\/02\/IMG_1231-200x300.jpeg 200w, https:\/\/papeterie-perjac.com\/wp-content\/uploads\/2026\/02\/IMG_1231-683x1024.jpeg 683w, https:\/\/papeterie-perjac.com\/wp-content\/uploads\/2026\/02\/IMG_1231-768x1152.jpeg 768w, https:\/\/papeterie-perjac.com\/wp-content\/uploads\/2026\/02\/IMG_1231-1024x1536.jpeg 1024w, https:\/\/papeterie-perjac.com\/wp-content\/uploads\/2026\/02\/IMG_1231-1365x2048.jpeg 1365w, https:\/\/papeterie-perjac.com\/wp-content\/uploads\/2026\/02\/IMG_1231-40x60.jpeg 40w\" sizes=\"(max-width: 1707px) 100vw, 1707px\" \/>\t\t\t\t\t\t\t\t\t\t\t\t\t\t\t<\/div>\n\t\t\t\t<\/div>\n\t\t\t\t\t<\/div>\n\t\t<\/div>\n\t\t\t\t<div class=\"elementor-column elementor-col-50 elementor-top-column elementor-element elementor-element-009b5ce\" data-id=\"009b5ce\" data-element_type=\"column\" data-e-type=\"column\">\n\t\t\t<div class=\"elementor-widget-wrap elementor-element-populated\">\n\t\t\t\t\t\t<div class=\"elementor-element elementor-element-f1755e0 elementor-widget elementor-widget-text-editor\" data-id=\"f1755e0\" data-element_type=\"widget\" data-e-type=\"widget\" data-widget_type=\"text-editor.default\">\n\t\t\t\t<div class=\"elementor-widget-container\">\n\t\t\t\t\t\t\t\t\t<p><strong>\u00a0<\/strong><\/p><p><strong>\u00a0<\/strong><\/p><p>\u00a0<\/p><p><strong style=\"-webkit-text-size-adjust: 100%;\">Papeterie Perjac,<\/strong><\/p><p><i>66 rue du faubourg poissonni\u00e8re 75010 PARIS<\/i><\/p><p><em><strong>horaires d&rsquo;ouverture <br \/><\/strong>du lundi au vendredi, de 9h \u00e0 19h45<\/em><\/p><p><strong><em>Nous contacter :\u00a0<br \/><\/em><\/strong><em>T\u00e9l : 01.47.70.28.71<\/em><em><strong><br \/><\/strong>Mail : contact@papeterie-perjac.com<\/em><\/p><p>\u00a0<\/p><p><em>\u00c0 bient\u00f4t \u00e0 la Papeterie<\/em><\/p>\t\t\t\t\t\t\t\t<\/div>\n\t\t\t\t<\/div>\n\t\t\t\t\t<\/div>\n\t\t<\/div>\n\t\t\t\t\t<\/div>\n\t\t<\/section>\n\t\t\t\t<section class=\"elementor-section elementor-top-section elementor-element elementor-element-c7f3772 elementor-section-boxed elementor-section-height-default elementor-section-height-default\" data-id=\"c7f3772\" data-element_type=\"section\" data-e-type=\"section\">\n\t\t\t\t\t\t<div class=\"elementor-container elementor-column-gap-default\">\n\t\t\t\t\t<div class=\"elementor-column elementor-col-100 elementor-top-column elementor-element elementor-element-d5dbd6b\" data-id=\"d5dbd6b\" data-element_type=\"column\" data-e-type=\"column\">\n\t\t\t<div class=\"elementor-widget-wrap elementor-element-populated\">\n\t\t\t\t\t\t<div class=\"elementor-element elementor-element-572b2b8 elementor-shape-rounded elementor-grid-0 e-grid-align-center elementor-widget elementor-widget-social-icons\" data-id=\"572b2b8\" data-element_type=\"widget\" data-e-type=\"widget\" data-widget_type=\"social-icons.default\">\n\t\t\t\t<div class=\"elementor-widget-container\">\n\t\t\t\t\t\t\t<div class=\"elementor-social-icons-wrapper elementor-grid\" role=\"list\">\n\t\t\t\t\t\t\t<span class=\"elementor-grid-item\" role=\"listitem\">\n\t\t\t\t\t<a class=\"elementor-icon elementor-social-icon elementor-social-icon-instagram elementor-repeater-item-a0821d2\" href=\"https:\/\/www.instagram.com\/papeterie_perjac\/?hl=fr\" target=\"_blank\">\n\t\t\t\t\t\t<span class=\"elementor-screen-only\">Instagram<\/span>\n\t\t\t\t\t\t<i aria-hidden=\"true\" class=\"fab fa-instagram\"><\/i>\t\t\t\t\t<\/a>\n\t\t\t\t<\/span>\n\t\t\t\t\t\t\t<span class=\"elementor-grid-item\" role=\"listitem\">\n\t\t\t\t\t<a class=\"elementor-icon elementor-social-icon elementor-social-icon-linkedin elementor-repeater-item-9593357\" href=\"https:\/\/fr.linkedin.com\/posts\/papeterieperjac_papeterieperjac-papeterie-paris10-activity-7403765306176720896-PAvp\" target=\"_blank\">\n\t\t\t\t\t\t<span class=\"elementor-screen-only\">Linkedin<\/span>\n\t\t\t\t\t\t<i aria-hidden=\"true\" class=\"fab fa-linkedin\"><\/i>\t\t\t\t\t<\/a>\n\t\t\t\t<\/span>\n\t\t\t\t\t<\/div>\n\t\t\t\t\t\t<\/div>\n\t\t\t\t<\/div>\n\t\t\t\t\t<\/div>\n\t\t<\/div>\n\t\t\t\t\t<\/div>\n\t\t<\/section>\n\t\t\t\t<\/div>\n\t\t","protected":false},"excerpt":{"rendered":"<p>\u00a0 \u00a0 \u00a0 Papeterie Perjac, 66 rue du faubourg poissonni\u00e8re 75010 PARIS horaires d&rsquo;ouverture du lundi au vendredi, de 9h \u00e0 19h45 Nous contacter :\u00a0T\u00e9l : 01.47.70.28.71Mail : contact@papeterie-perjac.com \u00a0 \u00c0 bient\u00f4t \u00e0 la Papeterie Instagram Linkedin<\/p>\n","protected":false},"author":1,"featured_media":0,"parent":0,"menu_order":0,"comment_status":"closed","ping_status":"closed","template":"","meta":{"footnotes":""},"class_list":["post-249","page","type-page","status-publish","hentry"],"_links":{"self":[{"href":"https:\/\/papeterie-perjac.com\/index.php\/wp-json\/wp\/v2\/pages\/249","targetHints":{"allow":["GET"]}}],"collection":[{"href":"https:\/\/papeterie-perjac.com\/index.php\/wp-json\/wp\/v2\/pages"}],"about":[{"href":"https:\/\/papeterie-perjac.com\/index.php\/wp-json\/wp\/v2\/types\/page"}],"author":[{"embeddable":true,"href":"https:\/\/papeterie-perjac.com\/index.php\/wp-json\/wp\/v2\/users\/1"}],"replies":[{"embeddable":true,"href":"https:\/\/papeterie-perjac.com\/index.php\/wp-json\/wp\/v2\/comments?post=249"}],"version-history":[{"count":25,"href":"https:\/\/papeterie-perjac.com\/index.php\/wp-json\/wp\/v2\/pages\/249\/revisions"}],"predecessor-version":[{"id":777,"href":"https:\/\/papeterie-perjac.com\/index.php\/wp-json\/wp\/v2\/pages\/249\/revisions\/777"}],"wp:attachment":[{"href":"https:\/\/papeterie-perjac.com\/index.php\/wp-json\/wp\/v2\/media?parent=249"}],"curies":[{"name":"wp","href":"https:\/\/api.w.org\/{rel}","templated":true}]}}