{"id":142,"date":"2021-02-28T18:35:23","date_gmt":"2021-02-28T17:35:23","guid":{"rendered":"http:\/\/papeterie-perjac.com\/?page_id=142"},"modified":"2026-03-17T17:15:03","modified_gmt":"2026-03-17T16:15:03","slug":"imprimerie","status":"publish","type":"page","link":"https:\/\/papeterie-perjac.com\/index.php\/imprimerie\/","title":{"rendered":"Imprimerie"},"content":{"rendered":"\t\t<div data-elementor-type=\"wp-page\" data-elementor-id=\"142\" class=\"elementor elementor-142\">\n\t\t\t\t\t\t<section class=\"elementor-section elementor-top-section elementor-element elementor-element-3c49e6c elementor-section-boxed elementor-section-height-default elementor-section-height-default\" data-id=\"3c49e6c\" data-element_type=\"section\" data-e-type=\"section\">\n\t\t\t\t\t\t<div class=\"elementor-container elementor-column-gap-default\">\n\t\t\t\t\t<div class=\"elementor-column elementor-col-100 elementor-top-column elementor-element elementor-element-68ecfcf\" data-id=\"68ecfcf\" data-element_type=\"column\" data-e-type=\"column\">\n\t\t\t<div class=\"elementor-widget-wrap elementor-element-populated\">\n\t\t\t\t\t\t<div class=\"elementor-element elementor-element-d48d3f8 elementor-widget elementor-widget-heading\" data-id=\"d48d3f8\" data-element_type=\"widget\" data-e-type=\"widget\" data-widget_type=\"heading.default\">\n\t\t\t\t<div class=\"elementor-widget-container\">\n\t\t\t\t\t<h5 class=\"elementor-heading-title elementor-size-default\">L\u2019art d\u2019imprimer vos id\u00e9es<\/h5>\t\t\t\t<\/div>\n\t\t\t\t<\/div>\n\t\t\t\t\t<\/div>\n\t\t<\/div>\n\t\t\t\t\t<\/div>\n\t\t<\/section>\n\t\t\t\t<section class=\"elementor-section elementor-top-section elementor-element elementor-element-fc65d1b elementor-section-boxed elementor-section-height-default elementor-section-height-default\" data-id=\"fc65d1b\" data-element_type=\"section\" data-e-type=\"section\">\n\t\t\t\t\t\t<div class=\"elementor-container elementor-column-gap-default\">\n\t\t\t\t\t<div class=\"elementor-column elementor-col-100 elementor-top-column elementor-element elementor-element-ba18c0a\" data-id=\"ba18c0a\" data-element_type=\"column\" data-e-type=\"column\">\n\t\t\t<div class=\"elementor-widget-wrap elementor-element-populated\">\n\t\t\t\t\t\t<div class=\"elementor-element elementor-element-875c2c7 elementor-widget-divider--separator-type-pattern elementor-widget-divider--view-line elementor-widget elementor-widget-divider\" data-id=\"875c2c7\" data-element_type=\"widget\" data-e-type=\"widget\" data-widget_type=\"divider.default\">\n\t\t\t\t<div class=\"elementor-widget-container\">\n\t\t\t\t\t\t\t<div class=\"elementor-divider\" style=\"--divider-pattern-url: url(&quot;data:image\/svg+xml,%3Csvg xmlns=&#039;http:\/\/www.w3.org\/2000\/svg&#039; preserveAspectRatio=&#039;none&#039; overflow=&#039;visible&#039; height=&#039;100%&#039; viewBox=&#039;0 0 24 24&#039; fill=&#039;none&#039; stroke=&#039;black&#039; stroke-width=&#039;1&#039; stroke-linecap=&#039;square&#039; stroke-miterlimit=&#039;10&#039;%3E%3Cpath d=&#039;M0,6c6,0,6,13,12,13S18,6,24,6&#039;\/%3E%3C\/svg%3E&quot;);\">\n\t\t\t<span class=\"elementor-divider-separator\">\n\t\t\t\t\t\t<\/span>\n\t\t<\/div>\n\t\t\t\t\t\t<\/div>\n\t\t\t\t<\/div>\n\t\t\t\t\t<\/div>\n\t\t<\/div>\n\t\t\t\t\t<\/div>\n\t\t<\/section>\n\t\t\t\t<section class=\"elementor-section elementor-top-section elementor-element elementor-element-2dfabf4e elementor-section-boxed elementor-section-height-default elementor-section-height-default\" data-id=\"2dfabf4e\" data-element_type=\"section\" data-e-type=\"section\">\n\t\t\t\t\t\t<div class=\"elementor-container elementor-column-gap-default\">\n\t\t\t\t\t<div class=\"elementor-column elementor-col-100 elementor-top-column elementor-element elementor-element-225b674b\" data-id=\"225b674b\" data-element_type=\"column\" data-e-type=\"column\">\n\t\t\t<div class=\"elementor-widget-wrap elementor-element-populated\">\n\t\t\t\t\t\t<div class=\"elementor-element elementor-element-5c053fd6 elementor-widget elementor-widget-text-editor\" data-id=\"5c053fd6\" data-element_type=\"widget\" data-e-type=\"widget\" data-widget_type=\"text-editor.default\">\n\t\t\t\t<div class=\"elementor-widget-container\">\n\t\t\t\t\t\t\t\t\t<p>\u00c0 la Papeterie Perjac, nous mettons notre savoir-faire au service de vos projets d\u2019impression, en alliant <strong>tradition artisanale et technologies modernes<\/strong>.<\/p>\n<p>Forts d\u2019un <strong>atelier de plus de 800 m\u00b2<\/strong>, nous r\u00e9alisons une grande vari\u00e9t\u00e9 de travaux d\u2019imprimerie, du plus classique au plus personnalis\u00e9. Nous ma\u00eetrisons aussi bien les <strong>techniques traditionnelles<\/strong> comme le gaufrage ou la dorure \u00e0 chaud, que les proc\u00e9d\u00e9s d\u2019impression actuels tels que <strong>l\u2019offset et le num\u00e9rique<\/strong>, qui permettent aujourd\u2019hui d\u2019obtenir des impressions couleur de grande qualit\u00e9, avec des d\u00e9lais rapides et des co\u00fbts ma\u00eetris\u00e9s.<\/p>\n<p>Que vous soyez une entreprise, un professionnel ou un particulier, notre \u00e9quipe vous accompagne pour concevoir des supports qui <strong>valorisent votre image et votre communication<\/strong>.<\/p>\t\t\t\t\t\t\t\t<\/div>\n\t\t\t\t<\/div>\n\t\t\t\t\t<\/div>\n\t\t<\/div>\n\t\t\t\t\t<\/div>\n\t\t<\/section>\n\t\t\t\t<section class=\"elementor-section elementor-top-section elementor-element elementor-element-bfa79b9 elementor-section-boxed elementor-section-height-default elementor-section-height-default\" data-id=\"bfa79b9\" data-element_type=\"section\" data-e-type=\"section\">\n\t\t\t\t\t\t<div class=\"elementor-container elementor-column-gap-default\">\n\t\t\t\t\t<div class=\"elementor-column elementor-col-66 elementor-top-column elementor-element elementor-element-eadabcb\" data-id=\"eadabcb\" data-element_type=\"column\" data-e-type=\"column\">\n\t\t\t<div class=\"elementor-widget-wrap elementor-element-populated\">\n\t\t\t\t\t\t<div class=\"elementor-element elementor-element-1ba2ed1 elementor-widget elementor-widget-text-editor\" data-id=\"1ba2ed1\" data-element_type=\"widget\" data-e-type=\"widget\" data-widget_type=\"text-editor.default\">\n\t\t\t\t<div class=\"elementor-widget-container\">\n\t\t\t\t\t\t\t\t\t<p><span style=\"color: #111111; font-family: 'Cormorant Garamond', serif; font-size: 20px; -webkit-text-size-adjust: 100%;\">Nos r\u00e9alisations<\/span><\/p><div><ul><li>Cartes de visite, papiers \u00e0 en-t\u00eate, enveloppes<\/li><li>Plaquettes institutionnelles et commerciales<\/li><li>Chemises, brochures, d\u00e9pliants<\/li><li>Carnets, blocs et liasses autocopiantes<\/li><li>Catalogues et documents commerciaux<\/li><li>Rapports d\u2019activit\u00e9 et annonces presse<\/li><li>Stickers et imprim\u00e9s adh\u00e9sifs<\/li><li>Listings et documents administratifs<\/li><li>Fa\u00e7onnage et finitions (pliage, reliure, dorure\u2026)<\/li><\/ul><\/div>\t\t\t\t\t\t\t\t<\/div>\n\t\t\t\t<\/div>\n\t\t\t\t\t<\/div>\n\t\t<\/div>\n\t\t\t\t<div class=\"elementor-column elementor-col-33 elementor-top-column elementor-element elementor-element-4eb0e80\" data-id=\"4eb0e80\" data-element_type=\"column\" data-e-type=\"column\">\n\t\t\t<div class=\"elementor-widget-wrap elementor-element-populated\">\n\t\t\t\t\t\t<div class=\"elementor-element elementor-element-c7a8ca2 elementor-widget__width-initial elementor-widget elementor-widget-image\" data-id=\"c7a8ca2\" data-element_type=\"widget\" data-e-type=\"widget\" data-widget_type=\"image.default\">\n\t\t\t\t<div class=\"elementor-widget-container\">\n\t\t\t\t\t\t\t\t\t\t\t\t\t\t\t<img fetchpriority=\"high\" decoding=\"async\" width=\"768\" height=\"1152\" src=\"https:\/\/papeterie-perjac.com\/wp-content\/uploads\/2026\/03\/IMG_1583-768x1152.jpeg\" class=\"attachment-medium_large size-medium_large wp-image-961\" alt=\"\" srcset=\"https:\/\/papeterie-perjac.com\/wp-content\/uploads\/2026\/03\/IMG_1583-768x1152.jpeg 768w, https:\/\/papeterie-perjac.com\/wp-content\/uploads\/2026\/03\/IMG_1583-200x300.jpeg 200w, https:\/\/papeterie-perjac.com\/wp-content\/uploads\/2026\/03\/IMG_1583-683x1024.jpeg 683w, https:\/\/papeterie-perjac.com\/wp-content\/uploads\/2026\/03\/IMG_1583-1024x1536.jpeg 1024w, https:\/\/papeterie-perjac.com\/wp-content\/uploads\/2026\/03\/IMG_1583-1365x2048.jpeg 1365w, https:\/\/papeterie-perjac.com\/wp-content\/uploads\/2026\/03\/IMG_1583-40x60.jpeg 40w, https:\/\/papeterie-perjac.com\/wp-content\/uploads\/2026\/03\/IMG_1583-scaled.jpeg 1707w\" sizes=\"(max-width: 768px) 100vw, 768px\" \/>\t\t\t\t\t\t\t\t\t\t\t\t\t\t\t<\/div>\n\t\t\t\t<\/div>\n\t\t\t\t\t<\/div>\n\t\t<\/div>\n\t\t\t\t\t<\/div>\n\t\t<\/section>\n\t\t\t\t<\/div>\n\t\t","protected":false},"excerpt":{"rendered":"<p>L\u2019art d\u2019imprimer vos id\u00e9es \u00c0 la Papeterie Perjac, nous mettons notre savoir-faire au service de vos projets d\u2019impression, en alliant tradition artisanale et technologies modernes. Forts d\u2019un atelier de plus de 800 m\u00b2, nous r\u00e9alisons une grande vari\u00e9t\u00e9 de travaux d\u2019imprimerie, du plus classique au plus personnalis\u00e9. Nous ma\u00eetrisons aussi bien les techniques traditionnelles comme &hellip; <\/p>\n","protected":false},"author":1,"featured_media":0,"parent":0,"menu_order":0,"comment_status":"closed","ping_status":"closed","template":"","meta":{"footnotes":""},"class_list":["post-142","page","type-page","status-publish","hentry"],"_links":{"self":[{"href":"https:\/\/papeterie-perjac.com\/index.php\/wp-json\/wp\/v2\/pages\/142","targetHints":{"allow":["GET"]}}],"collection":[{"href":"https:\/\/papeterie-perjac.com\/index.php\/wp-json\/wp\/v2\/pages"}],"about":[{"href":"https:\/\/papeterie-perjac.com\/index.php\/wp-json\/wp\/v2\/types\/page"}],"author":[{"embeddable":true,"href":"https:\/\/papeterie-perjac.com\/index.php\/wp-json\/wp\/v2\/users\/1"}],"replies":[{"embeddable":true,"href":"https:\/\/papeterie-perjac.com\/index.php\/wp-json\/wp\/v2\/comments?post=142"}],"version-history":[{"count":12,"href":"https:\/\/papeterie-perjac.com\/index.php\/wp-json\/wp\/v2\/pages\/142\/revisions"}],"predecessor-version":[{"id":1019,"href":"https:\/\/papeterie-perjac.com\/index.php\/wp-json\/wp\/v2\/pages\/142\/revisions\/1019"}],"wp:attachment":[{"href":"https:\/\/papeterie-perjac.com\/index.php\/wp-json\/wp\/v2\/media?parent=142"}],"curies":[{"name":"wp","href":"https:\/\/api.w.org\/{rel}","templated":true}]}}