{"id":141,"date":"2021-02-28T18:35:23","date_gmt":"2021-02-28T17:35:23","guid":{"rendered":"http:\/\/papeterie-perjac.com\/?page_id=141"},"modified":"2026-03-16T14:53:02","modified_gmt":"2026-03-16T13:53:02","slug":"mobiliers","status":"publish","type":"page","link":"https:\/\/papeterie-perjac.com\/index.php\/mobiliers\/","title":{"rendered":"Mobilier"},"content":{"rendered":"\t\t<div data-elementor-type=\"wp-page\" data-elementor-id=\"141\" class=\"elementor elementor-141\">\n\t\t\t\t\t\t<section class=\"elementor-section elementor-top-section elementor-element elementor-element-4b429e6 elementor-section-boxed elementor-section-height-default elementor-section-height-default\" data-id=\"4b429e6\" data-element_type=\"section\" data-e-type=\"section\">\n\t\t\t\t\t\t<div class=\"elementor-container elementor-column-gap-default\">\n\t\t\t\t\t<div class=\"elementor-column elementor-col-100 elementor-top-column elementor-element elementor-element-37e0dc2\" data-id=\"37e0dc2\" data-element_type=\"column\" data-e-type=\"column\">\n\t\t\t<div class=\"elementor-widget-wrap elementor-element-populated\">\n\t\t\t\t\t\t<div class=\"elementor-element elementor-element-7dae3e5 elementor-widget elementor-widget-heading\" data-id=\"7dae3e5\" data-element_type=\"widget\" data-e-type=\"widget\" data-widget_type=\"heading.default\">\n\t\t\t\t<div class=\"elementor-widget-container\">\n\t\t\t\t\t<h5 class=\"elementor-heading-title elementor-size-default\">Le confort et l\u2019ergonomie au service de votre bureau<\/h5>\t\t\t\t<\/div>\n\t\t\t\t<\/div>\n\t\t\t\t\t<\/div>\n\t\t<\/div>\n\t\t\t\t\t<\/div>\n\t\t<\/section>\n\t\t\t\t<section class=\"elementor-section elementor-top-section elementor-element elementor-element-d0ccc1c elementor-section-boxed elementor-section-height-default elementor-section-height-default\" data-id=\"d0ccc1c\" data-element_type=\"section\" data-e-type=\"section\">\n\t\t\t\t\t\t<div class=\"elementor-container elementor-column-gap-default\">\n\t\t\t\t\t<div class=\"elementor-column elementor-col-100 elementor-top-column elementor-element elementor-element-fee8a0e\" data-id=\"fee8a0e\" data-element_type=\"column\" data-e-type=\"column\">\n\t\t\t<div class=\"elementor-widget-wrap elementor-element-populated\">\n\t\t\t\t\t\t<div class=\"elementor-element elementor-element-be6d03d elementor-widget-divider--separator-type-pattern elementor-widget-divider--view-line elementor-widget elementor-widget-divider\" data-id=\"be6d03d\" data-element_type=\"widget\" data-e-type=\"widget\" data-widget_type=\"divider.default\">\n\t\t\t\t<div class=\"elementor-widget-container\">\n\t\t\t\t\t\t\t<div class=\"elementor-divider\" style=\"--divider-pattern-url: url(&quot;data:image\/svg+xml,%3Csvg xmlns=&#039;http:\/\/www.w3.org\/2000\/svg&#039; preserveAspectRatio=&#039;none&#039; overflow=&#039;visible&#039; height=&#039;100%&#039; viewBox=&#039;0 0 24 24&#039; fill=&#039;none&#039; stroke=&#039;black&#039; stroke-width=&#039;1&#039; stroke-linecap=&#039;square&#039; stroke-miterlimit=&#039;10&#039;%3E%3Cpath d=&#039;M0,6c6,0,6,13,12,13S18,6,24,6&#039;\/%3E%3C\/svg%3E&quot;);\">\n\t\t\t<span class=\"elementor-divider-separator\">\n\t\t\t\t\t\t<\/span>\n\t\t<\/div>\n\t\t\t\t\t\t<\/div>\n\t\t\t\t<\/div>\n\t\t\t\t\t<\/div>\n\t\t<\/div>\n\t\t\t\t\t<\/div>\n\t\t<\/section>\n\t\t\t\t<section class=\"elementor-section elementor-top-section elementor-element elementor-element-373877d elementor-section-boxed elementor-section-height-default elementor-section-height-default\" data-id=\"373877d\" data-element_type=\"section\" data-e-type=\"section\">\n\t\t\t\t\t\t<div class=\"elementor-container elementor-column-gap-default\">\n\t\t\t\t\t<div class=\"elementor-column elementor-col-50 elementor-top-column elementor-element elementor-element-aa76747\" data-id=\"aa76747\" data-element_type=\"column\" data-e-type=\"column\">\n\t\t\t<div class=\"elementor-widget-wrap elementor-element-populated\">\n\t\t\t\t\t\t<div class=\"elementor-element elementor-element-4151231 elementor-widget elementor-widget-text-editor\" data-id=\"4151231\" data-element_type=\"widget\" data-e-type=\"widget\" data-widget_type=\"text-editor.default\">\n\t\t\t\t<div class=\"elementor-widget-container\">\n\t\t\t\t\t\t\t\t\t<p>Parce que le confort de travail est essentiel, la Papeterie Perjac propose \u00e9galement une s\u00e9lection de <strong>si\u00e8ges de bureau professionnels de la marque SITEK<\/strong>, reconnue pour la <strong>qualit\u00e9<\/strong> et la <strong>fiabilit\u00e9<\/strong> de ses fabrications.<\/p><p>Depuis plus de 25 ans, SITEK d\u00e9veloppe des si\u00e8ges pens\u00e9s pour un usage quotidien en entreprise, alliant <strong>ergonomie<\/strong>, <strong>solidit\u00e9<\/strong> et <strong>confort<\/strong>. Avec plus de<strong> 2,5 millions de si\u00e8ges vendus<\/strong>, la marque s\u2019est impos\u00e9e comme un acteur majeur du mobilier de bureau professionnel en Europe.<\/p><p>Gr\u00e2ce \u00e0 une logistique efficace et un stock important, plusieurs mod\u00e8les sont disponibles en livraison<strong> rapide<\/strong>. Tous les si\u00e8ges sont<strong> garantis 3 ans<\/strong>, pour un \u00e9quipement durable et adapt\u00e9 aux exigences des environnements de travail.<\/p><p>Comme pour l\u2019ensemble de nos produits, notre \u00e9quipe reste \u00e0 votre disposition pour vous conseiller et vous orienter vers la solution la plus adapt\u00e9e \u00e0 vos besoins.<\/p>\t\t\t\t\t\t\t\t<\/div>\n\t\t\t\t<\/div>\n\t\t\t\t\t<\/div>\n\t\t<\/div>\n\t\t\t\t<div class=\"elementor-column elementor-col-50 elementor-top-column elementor-element elementor-element-a11e1b8\" data-id=\"a11e1b8\" data-element_type=\"column\" data-e-type=\"column\">\n\t\t\t<div class=\"elementor-widget-wrap elementor-element-populated\">\n\t\t\t\t\t\t<div class=\"elementor-element elementor-element-d0fe7be elementor-widget__width-initial elementor-widget elementor-widget-image\" data-id=\"d0fe7be\" data-element_type=\"widget\" data-e-type=\"widget\" data-widget_type=\"image.default\">\n\t\t\t\t<div class=\"elementor-widget-container\">\n\t\t\t\t\t\t\t\t\t\t\t\t\t\t\t<img fetchpriority=\"high\" decoding=\"async\" width=\"1024\" height=\"924\" src=\"https:\/\/papeterie-perjac.com\/wp-content\/uploads\/2026\/03\/IMG_1581-1024x924.jpeg\" class=\"attachment-large size-large wp-image-894\" alt=\"\" srcset=\"https:\/\/papeterie-perjac.com\/wp-content\/uploads\/2026\/03\/IMG_1581-1024x924.jpeg 1024w, https:\/\/papeterie-perjac.com\/wp-content\/uploads\/2026\/03\/IMG_1581-300x271.jpeg 300w, https:\/\/papeterie-perjac.com\/wp-content\/uploads\/2026\/03\/IMG_1581-768x693.jpeg 768w, https:\/\/papeterie-perjac.com\/wp-content\/uploads\/2026\/03\/IMG_1581-1536x1386.jpeg 1536w, https:\/\/papeterie-perjac.com\/wp-content\/uploads\/2026\/03\/IMG_1581-67x60.jpeg 67w, https:\/\/papeterie-perjac.com\/wp-content\/uploads\/2026\/03\/IMG_1581.jpeg 1849w\" sizes=\"(max-width: 1024px) 100vw, 1024px\" \/>\t\t\t\t\t\t\t\t\t\t\t\t\t\t\t<\/div>\n\t\t\t\t<\/div>\n\t\t\t\t\t<\/div>\n\t\t<\/div>\n\t\t\t\t\t<\/div>\n\t\t<\/section>\n\t\t\t\t<\/div>\n\t\t","protected":false},"excerpt":{"rendered":"<p>Le confort et l\u2019ergonomie au service de votre bureau Parce que le confort de travail est essentiel, la Papeterie Perjac propose \u00e9galement une s\u00e9lection de si\u00e8ges de bureau professionnels de la marque SITEK, reconnue pour la qualit\u00e9 et la fiabilit\u00e9 de ses fabrications. Depuis plus de 25 ans, SITEK d\u00e9veloppe des si\u00e8ges pens\u00e9s pour un &hellip; <\/p>\n","protected":false},"author":1,"featured_media":0,"parent":0,"menu_order":0,"comment_status":"closed","ping_status":"closed","template":"","meta":{"footnotes":""},"class_list":["post-141","page","type-page","status-publish","hentry"],"_links":{"self":[{"href":"https:\/\/papeterie-perjac.com\/index.php\/wp-json\/wp\/v2\/pages\/141","targetHints":{"allow":["GET"]}}],"collection":[{"href":"https:\/\/papeterie-perjac.com\/index.php\/wp-json\/wp\/v2\/pages"}],"about":[{"href":"https:\/\/papeterie-perjac.com\/index.php\/wp-json\/wp\/v2\/types\/page"}],"author":[{"embeddable":true,"href":"https:\/\/papeterie-perjac.com\/index.php\/wp-json\/wp\/v2\/users\/1"}],"replies":[{"embeddable":true,"href":"https:\/\/papeterie-perjac.com\/index.php\/wp-json\/wp\/v2\/comments?post=141"}],"version-history":[{"count":20,"href":"https:\/\/papeterie-perjac.com\/index.php\/wp-json\/wp\/v2\/pages\/141\/revisions"}],"predecessor-version":[{"id":959,"href":"https:\/\/papeterie-perjac.com\/index.php\/wp-json\/wp\/v2\/pages\/141\/revisions\/959"}],"wp:attachment":[{"href":"https:\/\/papeterie-perjac.com\/index.php\/wp-json\/wp\/v2\/media?parent=141"}],"curies":[{"name":"wp","href":"https:\/\/api.w.org\/{rel}","templated":true}]}}