{"id":140,"date":"2021-02-28T18:35:23","date_gmt":"2021-02-28T17:35:23","guid":{"rendered":"http:\/\/papeterie-perjac.com\/?page_id=140"},"modified":"2026-03-17T09:55:50","modified_gmt":"2026-03-17T08:55:50","slug":"qui-sommes-nous","status":"publish","type":"page","link":"https:\/\/papeterie-perjac.com\/","title":{"rendered":"Qui sommes-nous ?"},"content":{"rendered":"\t\t<div data-elementor-type=\"wp-page\" data-elementor-id=\"140\" class=\"elementor elementor-140\">\n\t\t\t\t\t\t<section class=\"elementor-section elementor-top-section elementor-element elementor-element-c950834 elementor-section-boxed elementor-section-height-default elementor-section-height-default\" data-id=\"c950834\" data-element_type=\"section\" data-e-type=\"section\">\n\t\t\t\t\t\t<div class=\"elementor-container elementor-column-gap-default\">\n\t\t\t\t\t<div class=\"elementor-column elementor-col-100 elementor-top-column elementor-element elementor-element-7ea69ad\" data-id=\"7ea69ad\" data-element_type=\"column\" data-e-type=\"column\">\n\t\t\t<div class=\"elementor-widget-wrap elementor-element-populated\">\n\t\t\t\t\t\t<div class=\"elementor-element elementor-element-80e988c elementor-widget elementor-widget-heading\" data-id=\"80e988c\" data-element_type=\"widget\" data-e-type=\"widget\" data-widget_type=\"heading.default\">\n\t\t\t\t<div class=\"elementor-widget-container\">\n\t\t\t\t\t<h4 class=\"elementor-heading-title elementor-size-default\">60 ans au service des entreprises &amp; des particuliers <\/h4>\t\t\t\t<\/div>\n\t\t\t\t<\/div>\n\t\t\t\t\t<\/div>\n\t\t<\/div>\n\t\t\t\t\t<\/div>\n\t\t<\/section>\n\t\t\t\t<section class=\"elementor-section elementor-top-section elementor-element elementor-element-fd78610 elementor-section-boxed elementor-section-height-default elementor-section-height-default\" data-id=\"fd78610\" data-element_type=\"section\" data-e-type=\"section\">\n\t\t\t\t\t\t<div class=\"elementor-container elementor-column-gap-default\">\n\t\t\t\t\t<div class=\"elementor-column elementor-col-100 elementor-top-column elementor-element elementor-element-faa3de9\" data-id=\"faa3de9\" data-element_type=\"column\" data-e-type=\"column\">\n\t\t\t<div class=\"elementor-widget-wrap elementor-element-populated\">\n\t\t\t\t\t\t<div class=\"elementor-element elementor-element-d0263b6 elementor-widget-divider--separator-type-pattern elementor-widget-divider--view-line elementor-widget elementor-widget-divider\" data-id=\"d0263b6\" data-element_type=\"widget\" data-e-type=\"widget\" data-widget_type=\"divider.default\">\n\t\t\t\t<div class=\"elementor-widget-container\">\n\t\t\t\t\t\t\t<div class=\"elementor-divider\" style=\"--divider-pattern-url: url(&quot;data:image\/svg+xml,%3Csvg xmlns=&#039;http:\/\/www.w3.org\/2000\/svg&#039; preserveAspectRatio=&#039;none&#039; overflow=&#039;visible&#039; height=&#039;100%&#039; viewBox=&#039;0 0 24 24&#039; fill=&#039;none&#039; stroke=&#039;black&#039; stroke-width=&#039;1&#039; stroke-linecap=&#039;square&#039; stroke-miterlimit=&#039;10&#039;%3E%3Cpath d=&#039;M0,6c6,0,6,13,12,13S18,6,24,6&#039;\/%3E%3C\/svg%3E&quot;);\">\n\t\t\t<span class=\"elementor-divider-separator\">\n\t\t\t\t\t\t<\/span>\n\t\t<\/div>\n\t\t\t\t\t\t<\/div>\n\t\t\t\t<\/div>\n\t\t\t\t\t<\/div>\n\t\t<\/div>\n\t\t\t\t\t<\/div>\n\t\t<\/section>\n\t\t\t\t<section class=\"elementor-section elementor-top-section elementor-element elementor-element-c42ccf4 elementor-section-boxed elementor-section-height-default elementor-section-height-default\" data-id=\"c42ccf4\" data-element_type=\"section\" data-e-type=\"section\">\n\t\t\t\t\t\t<div class=\"elementor-container elementor-column-gap-default\">\n\t\t\t\t\t<div class=\"elementor-column elementor-col-100 elementor-top-column elementor-element elementor-element-155ce34\" data-id=\"155ce34\" data-element_type=\"column\" data-e-type=\"column\">\n\t\t\t<div class=\"elementor-widget-wrap elementor-element-populated\">\n\t\t\t\t\t\t<div class=\"elementor-element elementor-element-228b427 elementor-widget elementor-widget-text-editor\" data-id=\"228b427\" data-element_type=\"widget\" data-e-type=\"widget\" data-widget_type=\"text-editor.default\">\n\t\t\t\t<div class=\"elementor-widget-container\">\n\t\t\t\t\t\t\t\t\t<p class=\"has-drop-cap\">Entreprise familiale depuis 1964, situ\u00e9e dans le X arrondissement de Paris, la PAPETERIE PERJAC \u00e0 toujours su allier tradition et modernit\u00e9 \u00e0 l&rsquo;image du quartier dans lequel elle se trouve. Historiquement lieu de commerces et d&rsquo;artisans, aujourd&rsquo;hui ce coin de Paris s&rsquo;est transform\u00e9 en repaire de bureaux et de startups.<\/p>\n<p><!-- \/wp:paragraph --><!-- wp:paragraph --><\/p>\n<p>C&rsquo;est dans cet univers que la PAPETERIE PERJAC a trouv\u00e9 ses racines : l&rsquo;amour des belles choses et du travail bien fait. Reconnue pour ses conseils et son professionnalisme, cela fait plus de 60 ans que les plus grandes marques de papeterie nous font confiance pour les distribuer. Maintenant, ce sont de jeunes cr\u00e9ateurs qui dynamisent le m\u00e9tier et c&rsquo;est avec eux que nous cr\u00e9ons de v\u00e9ritables synergies afin de redonner \u00e0 la papeterie ses lettres de noblesse.<\/p>\t\t\t\t\t\t\t\t<\/div>\n\t\t\t\t<\/div>\n\t\t\t\t\t<\/div>\n\t\t<\/div>\n\t\t\t\t\t<\/div>\n\t\t<\/section>\n\t\t\t\t<section class=\"elementor-section elementor-top-section elementor-element elementor-element-4dbc13c elementor-section-boxed elementor-section-height-default elementor-section-height-default\" data-id=\"4dbc13c\" data-element_type=\"section\" data-e-type=\"section\">\n\t\t\t\t\t\t<div class=\"elementor-container elementor-column-gap-default\">\n\t\t\t\t\t<div class=\"elementor-column elementor-col-100 elementor-top-column elementor-element elementor-element-44e9dee\" data-id=\"44e9dee\" data-element_type=\"column\" data-e-type=\"column\">\n\t\t\t<div class=\"elementor-widget-wrap elementor-element-populated\">\n\t\t\t\t\t\t<div class=\"elementor-element elementor-element-afbbc1b elementor-widget elementor-widget-image\" data-id=\"afbbc1b\" data-element_type=\"widget\" data-e-type=\"widget\" data-widget_type=\"image.default\">\n\t\t\t\t<div class=\"elementor-widget-container\">\n\t\t\t\t\t\t\t\t\t\t\t\t\t\t\t<img fetchpriority=\"high\" decoding=\"async\" width=\"1024\" height=\"819\" src=\"https:\/\/papeterie-perjac.com\/wp-content\/uploads\/2026\/02\/Beige-Minimal-Aesthetic-Photo-Collage-1024x819.png\" class=\"attachment-large size-large wp-image-694\" alt=\"\" srcset=\"https:\/\/papeterie-perjac.com\/wp-content\/uploads\/2026\/02\/Beige-Minimal-Aesthetic-Photo-Collage-1024x819.png 1024w, https:\/\/papeterie-perjac.com\/wp-content\/uploads\/2026\/02\/Beige-Minimal-Aesthetic-Photo-Collage-300x240.png 300w, https:\/\/papeterie-perjac.com\/wp-content\/uploads\/2026\/02\/Beige-Minimal-Aesthetic-Photo-Collage-768x614.png 768w, https:\/\/papeterie-perjac.com\/wp-content\/uploads\/2026\/02\/Beige-Minimal-Aesthetic-Photo-Collage-1536x1229.png 1536w, https:\/\/papeterie-perjac.com\/wp-content\/uploads\/2026\/02\/Beige-Minimal-Aesthetic-Photo-Collage-75x60.png 75w, https:\/\/papeterie-perjac.com\/wp-content\/uploads\/2026\/02\/Beige-Minimal-Aesthetic-Photo-Collage.png 2000w\" sizes=\"(max-width: 1024px) 100vw, 1024px\" \/>\t\t\t\t\t\t\t\t\t\t\t\t\t\t\t<\/div>\n\t\t\t\t<\/div>\n\t\t\t\t\t<\/div>\n\t\t<\/div>\n\t\t\t\t\t<\/div>\n\t\t<\/section>\n\t\t\t\t<\/div>\n\t\t","protected":false},"excerpt":{"rendered":"<p>60 ans au service des entreprises &amp; des particuliers Entreprise familiale depuis 1964, situ\u00e9e dans le X arrondissement de Paris, la PAPETERIE PERJAC \u00e0 toujours su allier tradition et modernit\u00e9 \u00e0 l&rsquo;image du quartier dans lequel elle se trouve. Historiquement lieu de commerces et d&rsquo;artisans, aujourd&rsquo;hui ce coin de Paris s&rsquo;est transform\u00e9 en repaire de &hellip; <\/p>\n","protected":false},"author":1,"featured_media":0,"parent":0,"menu_order":0,"comment_status":"closed","ping_status":"closed","template":"","meta":{"footnotes":""},"class_list":["post-140","page","type-page","status-publish","hentry"],"_links":{"self":[{"href":"https:\/\/papeterie-perjac.com\/index.php\/wp-json\/wp\/v2\/pages\/140","targetHints":{"allow":["GET"]}}],"collection":[{"href":"https:\/\/papeterie-perjac.com\/index.php\/wp-json\/wp\/v2\/pages"}],"about":[{"href":"https:\/\/papeterie-perjac.com\/index.php\/wp-json\/wp\/v2\/types\/page"}],"author":[{"embeddable":true,"href":"https:\/\/papeterie-perjac.com\/index.php\/wp-json\/wp\/v2\/users\/1"}],"replies":[{"embeddable":true,"href":"https:\/\/papeterie-perjac.com\/index.php\/wp-json\/wp\/v2\/comments?post=140"}],"version-history":[{"count":33,"href":"https:\/\/papeterie-perjac.com\/index.php\/wp-json\/wp\/v2\/pages\/140\/revisions"}],"predecessor-version":[{"id":1002,"href":"https:\/\/papeterie-perjac.com\/index.php\/wp-json\/wp\/v2\/pages\/140\/revisions\/1002"}],"wp:attachment":[{"href":"https:\/\/papeterie-perjac.com\/index.php\/wp-json\/wp\/v2\/media?parent=140"}],"curies":[{"name":"wp","href":"https:\/\/api.w.org\/{rel}","templated":true}]}}